{"id":2,"date":"2019-05-27T13:21:47","date_gmt":"2019-05-27T11:21:47","guid":{"rendered":"http:\/\/www.fruba.pl\/?page_id=2"},"modified":"2025-02-10T20:32:13","modified_gmt":"2025-02-10T19:32:13","slug":"przykladowa-strona","status":"publish","type":"page","link":"https:\/\/www.fruba.pl\/?page_id=2","title":{"rendered":"O mnie \/ kontakt"},"content":{"rendered":"\n<p>Ja. Zasadniczo &#8211; nie wyr\u00f3\u017cniam si\u0119 z t\u0142umu. Statystyczny Kowalski albo Nowak, zmagaj\u0105cy z przeciwno\u015bciami \u017cycia, delektuj\u0105cy si\u0119 ka\u017cdym, ma\u0142ym sukcesem.<\/p>\n\n\n\n<p>Troch\u0119 ci\u0119\u017cko mi jest opisa\u0107 siebie rozdzielaj\u0105c \u017cycie prywatne od zawodowego. Prowadz\u0119 swoj\u0105 ma\u0142\u0105 firm\u0119 z zakresu us\u0142ug IT dla przedsi\u0119biorstw, co do\u015b\u0107 mocno mnie anga\u017cuje. Opr\u00f3cz tego lubi\u0119 &#8222;d\u0142uba\u0107&#8221; w aucie, sprz\u0119cie komputerowym, siedzie\u0107 na dzia\u0142ce, albo remontowa\u0107 \u0142\u00f3dk\u0119. Kanapa, piwo i telewizor te\u017c czasem wchodz\u0105 w gr\u0119, ale niezbyt cz\u0119sto \ud83d\ude42<\/p>\n\n\n\n<p>Od kilku lat jestem szcz\u0119\u015bliwie \u017conaty i <em>dzieciaty<\/em>. Syn, aktualnie lat 6, ma podobne zainteresowania do moich, cho\u0107 przy takiej ilo\u015bci obowi\u0105zk\u00f3w zawodowych &#8211; czasem ci\u0119\u017cko jest sp\u0119dza\u0107 chwile razem. Lubimy te\u017c podobne gry komputerowe &#8211; g\u0142\u00f3wnie symulatory ci\u0119\u017car\u00f3wek lub latania.<\/p>\n\n\n\n<p>Jestem jednym z niewielu ju\u017c \u017cyj\u0105cych ludzi, kt\u00f3rzy nie posiadaj\u0105 konta na Facebooku! \ud83d\ude42<\/p>\n\n\n\n<div class=\"wpcf7 no-js\" id=\"wpcf7-f9-o1\" lang=\"pl-PL\" dir=\"ltr\" data-wpcf7-id=\"9\">\n<div class=\"screen-reader-response\"><p role=\"status\" aria-live=\"polite\" aria-atomic=\"true\"><\/p> <ul><\/ul><\/div>\n<form action=\"\/index.php?rest_route=%2Fwp%2Fv2%2Fpages%2F2#wpcf7-f9-o1\" method=\"post\" class=\"wpcf7-form init\" aria-label=\"Formularz kontaktowy\" novalidate=\"novalidate\" data-status=\"init\">\n<fieldset class=\"hidden-fields-container\"><input type=\"hidden\" name=\"_wpcf7\" value=\"9\" \/><input type=\"hidden\" name=\"_wpcf7_version\" value=\"6.1.5\" \/><input type=\"hidden\" name=\"_wpcf7_locale\" value=\"pl_PL\" \/><input type=\"hidden\" name=\"_wpcf7_unit_tag\" value=\"wpcf7-f9-o1\" \/><input type=\"hidden\" name=\"_wpcf7_container_post\" value=\"0\" \/><input type=\"hidden\" name=\"_wpcf7_posted_data_hash\" value=\"\" \/><input type=\"hidden\" name=\"_wpcf7_recaptcha_response\" value=\"\" \/>\n<\/fieldset>\n<p><label> Imi\u0119 i nazwisko (wymagane)<br \/>\n<span class=\"wpcf7-form-control-wrap\" data-name=\"your-name\"><input size=\"40\" maxlength=\"400\" class=\"wpcf7-form-control wpcf7-text wpcf7-validates-as-required\" aria-required=\"true\" aria-invalid=\"false\" value=\"\" type=\"text\" name=\"your-name\" \/><\/span> <\/label>\n<\/p>\n<p><label> Adres email (wymagane)<br \/>\n<span class=\"wpcf7-form-control-wrap\" data-name=\"your-email\"><input size=\"40\" maxlength=\"400\" class=\"wpcf7-form-control wpcf7-email wpcf7-validates-as-required wpcf7-text wpcf7-validates-as-email\" aria-required=\"true\" aria-invalid=\"false\" value=\"\" type=\"email\" name=\"your-email\" \/><\/span> <\/label>\n<\/p>\n<p><label> Temat<br \/>\n<span class=\"wpcf7-form-control-wrap\" data-name=\"your-subject\"><input size=\"40\" maxlength=\"400\" class=\"wpcf7-form-control wpcf7-text wpcf7-validates-as-required\" aria-required=\"true\" aria-invalid=\"false\" value=\"\" type=\"text\" name=\"your-subject\" \/><\/span> <\/label>\n<\/p>\n<p><label> Tre\u015b\u0107 wiadomo\u015bci<br \/>\n<span class=\"wpcf7-form-control-wrap\" data-name=\"your-message\"><textarea cols=\"40\" rows=\"10\" maxlength=\"2000\" class=\"wpcf7-form-control wpcf7-textarea wpcf7-validates-as-required\" aria-required=\"true\" aria-invalid=\"false\" name=\"your-message\"><\/textarea><\/span> <\/label>\n<\/p>\n<p><input type=\"hidden\" name=\"_wpcf7_captcha_challenge_captcha-1\" value=\"2335583694\" \/><img loading=\"lazy\" decoding=\"async\" class=\"wpcf7-form-control wpcf7-captchac wpcf7-captcha-captcha-1\" width=\"72\" height=\"24\" alt=\"captcha\" src=\"https:\/\/www.fruba.pl\/wp-content\/uploads\/wpcf7_captcha\/2335583694.png\" \/><span class=\"wpcf7-form-control-wrap\" data-name=\"captcha-1\"><input size=\"40\" class=\"wpcf7-form-control wpcf7-captchar\" autocomplete=\"off\" aria-invalid=\"false\" value=\"\" type=\"text\" name=\"captcha-1\" \/><\/span><br \/>\n\n<\/p>\n<p><input class=\"wpcf7-form-control wpcf7-submit has-spinner\" type=\"submit\" value=\"Wy\u015blij\" \/>\n<\/p><p style=\"display: none !important;\" class=\"akismet-fields-container\" data-prefix=\"_wpcf7_ak_\"><label>&#916;<textarea name=\"_wpcf7_ak_hp_textarea\" cols=\"45\" rows=\"8\" maxlength=\"100\"><\/textarea><\/label><input type=\"hidden\" id=\"ak_js_1\" name=\"_wpcf7_ak_js\" value=\"2\"\/><script type=\"text\/javascript\">\n\/* <![CDATA[ *\/\ndocument.getElementById( \"ak_js_1\" ).setAttribute( \"value\", ( new Date() ).getTime() );\n\/* ]]> *\/\n<\/script>\n<\/p><div class=\"wpcf7-response-output\" aria-hidden=\"true\"><\/div>\n<\/form>\n<\/div>\n\n","protected":false},"excerpt":{"rendered":"<p>Ja. Zasadniczo &#8211; nie wyr\u00f3\u017cniam si\u0119 z t\u0142umu. Statystyczny Kowalski albo Nowak, zmagaj\u0105cy z przeciwno\u015bciami \u017cycia, delektuj\u0105cy si\u0119 ka\u017cdym, ma\u0142ym sukcesem. Troch\u0119 ci\u0119\u017cko mi jest opisa\u0107 siebie rozdzielaj\u0105c \u017cycie prywatne od zawodowego. Prowadz\u0119 swoj\u0105 ma\u0142\u0105 firm\u0119 z zakresu us\u0142ug IT dla przedsi\u0119biorstw, co do\u015b\u0107 mocno mnie anga\u017cuje. Opr\u00f3cz tego lubi\u0119 &#8222;d\u0142uba\u0107&#8221; w aucie, sprz\u0119cie komputerowym, siedzie\u0107 na dzia\u0142ce, albo remontowa\u0107 \u0142\u00f3dk\u0119. Kanapa, piwo i&#8230; <\/p>\n<p><a class=\"read-more\" href=\"https:\/\/www.fruba.pl\/?page_id=2\">Read More<\/a><\/p>\n","protected":false},"author":1,"featured_media":0,"parent":0,"menu_order":0,"comment_status":"closed","ping_status":"open","template":"","meta":{"footnotes":""},"class_list":["post-2","page","type-page","status-publish","hentry"],"_links":{"self":[{"href":"https:\/\/www.fruba.pl\/index.php?rest_route=\/wp\/v2\/pages\/2","targetHints":{"allow":["GET"]}}],"collection":[{"href":"https:\/\/www.fruba.pl\/index.php?rest_route=\/wp\/v2\/pages"}],"about":[{"href":"https:\/\/www.fruba.pl\/index.php?rest_route=\/wp\/v2\/types\/page"}],"author":[{"embeddable":true,"href":"https:\/\/www.fruba.pl\/index.php?rest_route=\/wp\/v2\/users\/1"}],"replies":[{"embeddable":true,"href":"https:\/\/www.fruba.pl\/index.php?rest_route=%2Fwp%2Fv2%2Fcomments&post=2"}],"version-history":[{"count":2,"href":"https:\/\/www.fruba.pl\/index.php?rest_route=\/wp\/v2\/pages\/2\/revisions"}],"predecessor-version":[{"id":10,"href":"https:\/\/www.fruba.pl\/index.php?rest_route=\/wp\/v2\/pages\/2\/revisions\/10"}],"wp:attachment":[{"href":"https:\/\/www.fruba.pl\/index.php?rest_route=%2Fwp%2Fv2%2Fmedia&parent=2"}],"curies":[{"name":"wp","href":"https:\/\/api.w.org\/{rel}","templated":true}]}}